{"id":787,"date":"2025-12-23T14:41:16","date_gmt":"2025-12-23T14:41:16","guid":{"rendered":"https:\/\/przyszlam-po-wszystko.pl\/?page_id=787"},"modified":"2026-01-20T21:25:40","modified_gmt":"2026-01-20T21:25:40","slug":"the-human-user-manual","status":"publish","type":"page","link":"https:\/\/przyszlam-po-wszystko.pl\/index.php\/the-human-user-manual\/","title":{"rendered":"The Human User Manual"},"content":{"rendered":"\t\t<div data-elementor-type=\"wp-page\" data-elementor-id=\"787\" class=\"elementor elementor-787\" data-elementor-post-type=\"page\">\n\t\t\t\t<div class=\"elementor-element elementor-element-3a42274 e-flex e-con-boxed e-con e-parent\" data-id=\"3a42274\" data-element_type=\"container\">\n\t\t\t\t\t<div class=\"e-con-inner\">\n\t\t\t\t<div class=\"elementor-element elementor-element-3654327 elementor-widget elementor-widget-slider_revolution\" data-id=\"3654327\" data-element_type=\"widget\" data-widget_type=\"slider_revolution.default\">\n\t\t\t\t\t\n\t\t<div class=\"wp-block-themepunch-revslider\">\n\t\t\t<!-- START Human User Manual PL REVOLUTION SLIDER 6.6.18 --><p class=\"rs-p-wp-fix\"><\/p>\n\t\t\t<rs-module-wrap id=\"rev_slider_12_1_wrapper\" data-source=\"gallery\" style=\"visibility:hidden;background:#ffffff;padding:0;\">\n\t\t\t\t<rs-module id=\"rev_slider_12_1\" class=\"rs-respect-topbar\" style=\"\" data-version=\"6.6.18\">\n\t\t\t\t\t<rs-slides style=\"overflow: hidden; position: absolute;\">\n\t\t\t\t\t\t<rs-slide style=\"position: absolute;\" data-key=\"rs-30\" data-title=\"Slide\" data-anim=\"eng:transitionPack;d:20;e:tpbasic;ms:2000;\" data-in=\"o:0;\" data-out=\"a:false;\" data-tpack='ef:water;iny:10;dplm:15;pp:blur;ppbt:motion;ppfbw:;'>\n\t\t\t\t\t\t\t<img fetchpriority=\"high\" decoding=\"async\" src=\"\/\/przyszlam-po-wszystko.pl\/wp-content\/plugins\/revslider-6.6.18-activated\/public\/assets\/assets\/dummy.png\" alt=\"\" title=\"honeyartstudio_ethereal_brain_made_of_delicate_feathers_float_270ab10e-8a77-4e70-8eb4-7d15315f8951_0 (1)\" width=\"1456\" height=\"816\" class=\"rev-slidebg tp-rs-img rs-lazyload\" data-lazyload=\"\/\/przyszlam-po-wszystko.pl\/wp-content\/uploads\/2025\/11\/honeyartstudio_ethereal_brain_made_of_delicate_feathers_float_270ab10e-8a77-4e70-8eb4-7d15315f8951_0-1.png\" data-parallax=\"4\" data-panzoom=\"d:10000;ss:100;se:120%;\" data-no-retina>\n<!--\n\t\t\t\t\t\t\t--><rs-layer\n\t\t\t\t\t\t\t\tid=\"slider-12-slide-30-layer-6\" \n\t\t\t\t\t\t\t\tdata-type=\"shape\"\n\t\t\t\t\t\t\t\tdata-rsp_ch=\"on\"\n\t\t\t\t\t\t\t\tdata-xy=\"x:c;xo:-1px,0,0,0;y:b;yo:-3px,-2px,-1px,0;\"\n\t\t\t\t\t\t\t\tdata-text=\"w:normal;s:20,16,12,7;l:0,20,15,9;\"\n\t\t\t\t\t\t\t\tdata-dim=\"w:3500px,2890px,2195px,1354px;h:310px,256px,194px,119px;\"\n\t\t\t\t\t\t\t\tdata-basealign=\"slide\"\n\t\t\t\t\t\t\t\tdata-frame_0=\"y:50,41,31,19;\"\n\t\t\t\t\t\t\t\tdata-frame_1=\"sp:2000;\"\n\t\t\t\t\t\t\t\tdata-frame_999=\"o:0;st:w;sR:7000;\"\n\t\t\t\t\t\t\t\tstyle=\"z-index:13;background:linear-gradient(rgba(247,247,247,0) 0%, rgba(12,12,12,1) 100%);\"\n\t\t\t\t\t\t\t> \n\t\t\t\t\t\t\t<\/rs-layer><!--\n\n\t\t\t\t\t\t\t--><rs-layer\n\t\t\t\t\t\t\t\tid=\"slider-12-slide-30-layer-10\" \n\t\t\t\t\t\t\t\tclass=\"rs-pxl-6\"\n\t\t\t\t\t\t\t\tdata-type=\"shape\"\n\t\t\t\t\t\t\t\tdata-rsp_ch=\"on\"\n\t\t\t\t\t\t\t\tdata-xy=\"x:c;xo:260px,214px,162px,95px;y:m;yo:-315px,-260px,-197px,-135px;\"\n\t\t\t\t\t\t\t\tdata-text=\"w:normal;s:20,16,12,7;l:0,20,15,9;\"\n\t\t\t\t\t\t\t\tdata-dim=\"w:420px,346px,262px,161px;h:420px,346px,262px,161px;\"\n\t\t\t\t\t\t\t\tdata-border=\"bos:solid;boc:rgba(255, 255, 255, 0.15);bow:1px,1px,1px,1px;bor:250px,250px,250px,250px;\"\n\t\t\t\t\t\t\t\tdata-frame_0=\"sX:0.9;sY:0.9;rX:45deg;rY:45deg;\"\n\t\t\t\t\t\t\t\tdata-frame_1=\"rX:45deg;rY:45deg;st:1000;sp:2000;sR:1000;\"\n\t\t\t\t\t\t\t\tdata-frame_999=\"o:0;st:w;sR:6000;\"\n\t\t\t\t\t\t\t\tstyle=\"z-index:6;\"\n\t\t\t\t\t\t\t> \n\t\t\t\t\t\t\t<\/rs-layer><!--\n\n\t\t\t\t\t\t\t--><rs-layer\n\t\t\t\t\t\t\t\tid=\"slider-12-slide-30-layer-11\" \n\t\t\t\t\t\t\t\tclass=\"tp-shape tp-shapewrapper tp-particlewave rs-pxl-1\"\n\t\t\t\t\t\t\t\tdata-type=\"shape\"\n\t\t\t\t\t\t\t\tdata-rsp_ch=\"on\"\n\t\t\t\t\t\t\t\tdata-xy=\"x:c;y:b;\"\n\t\t\t\t\t\t\t\tdata-text=\"w:normal;s:20,16,12,7;l:0,20,15,9;\"\n\t\t\t\t\t\t\t\tdata-dim=\"w:1797px,1483px,1126px,694px;h:902px,744px,565px,348px;\"\n\t\t\t\t\t\t\t\tdata-frame_0=\"rX:70deg;oZ:-50;\"\n\t\t\t\t\t\t\t\tdata-frame_1=\"oZ:-50;e:power4.inOut;st:1730;sp:1750;sR:1730;\"\n\t\t\t\t\t\t\t\tdata-frame_999=\"o:0;st:w;sR:5520;\"\n\t\t\t\t\t\t\t\t data-wpsdata='s:1%;c:100%;a:100%;rv:42;dpr:1;particleAmount:1500;gs:30%;ddfd:all;co:linear-gradient(rgba(251,200,212,1) 0%, rgba(151,149,240,1) 100%);b0:additive;tb:loop;as:10;e6:3;e7:0;e0:1;d3m:1;'\n\t\t\t\t\t\t\t\tstyle=\"z-index:4;background-color:rgba(0,0,0,0);\"\n\t\t\t\t\t\t\t> \n\t\t\t\t\t\t\t<\/rs-layer><!--\n\n\t\t\t\t\t\t\t--><rs-layer\n\t\t\t\t\t\t\t\tid=\"slider-12-slide-30-layer-12\" \n\t\t\t\t\t\t\t\tdata-type=\"text\"\n\t\t\t\t\t\t\t\tdata-rsp_ch=\"on\"\n\t\t\t\t\t\t\t\tdata-xy=\"x:c;xo:-4px,-3px,-2px,6px;y:t,t,t,m;yo:234px,193px,146px,25px;\"\n\t\t\t\t\t\t\t\tdata-text=\"w:normal;s:23,18,13,16;l:26,21,15,17;fw:300;a:center;\"\n\t\t\t\t\t\t\t\tdata-dim=\"w:895px,739px,561px,385px;minh:0,none,none,none;\"\n\t\t\t\t\t\t\t\tdata-frame_0=\"sX:0.9;sY:0.9;\"\n\t\t\t\t\t\t\t\tdata-frame_1=\"e:power2.inOut;st:1740;sp:1000;sR:1740;\"\n\t\t\t\t\t\t\t\tdata-frame_999=\"o:0;st:w;sR:6260;\"\n\t\t\t\t\t\t\t\tstyle=\"z-index:12;font-family:'Montserrat';\"\n\t\t\t\t\t\t\t>Poziomy \u015bwiadomo\u015bci \u2013 wykresy dotycz\u0105ce ludzi \n\t\t\t\t\t\t\t<\/rs-layer><!--\n\n\t\t\t\t\t\t\t--><rs-layer\n\t\t\t\t\t\t\t\tid=\"slider-12-slide-30-layer-14\" \n\t\t\t\t\t\t\t\tclass=\"rs-pxl-7\"\n\t\t\t\t\t\t\t\tdata-type=\"shape\"\n\t\t\t\t\t\t\t\tdata-rsp_ch=\"on\"\n\t\t\t\t\t\t\t\tdata-xy=\"x:c;xo:-189px,-156px,-118px,132px;y:m;yo:230px,189px,143px,-171px;\"\n\t\t\t\t\t\t\t\tdata-text=\"w:normal;s:20,16,12,7;l:0,20,15,9;\"\n\t\t\t\t\t\t\t\tdata-dim=\"w:100px,82px,62px,38px;h:100px,82px,62px,38px;\"\n\t\t\t\t\t\t\t\tdata-border=\"bor:250px,250px,250px,250px;\"\n\t\t\t\t\t\t\t\tdata-frame_0=\"sX:0.9;sY:0.9;bB:10px;\"\n\t\t\t\t\t\t\t\tdata-frame_1=\"st:1300;sp:2000;sR:1300;bB:10px;\"\n\t\t\t\t\t\t\t\tdata-frame_999=\"o:0;st:w;sR:5700;bB:10px;\"\n\t\t\t\t\t\t\t\tstyle=\"z-index:7;background-color:rgba(255,255,255,0.15);\"\n\t\t\t\t\t\t\t> \n\t\t\t\t\t\t\t<\/rs-layer><!--\n\n\t\t\t\t\t\t\t--><rs-layer\n\t\t\t\t\t\t\t\tid=\"slider-12-slide-30-layer-15\" \n\t\t\t\t\t\t\t\tdata-type=\"text\"\n\t\t\t\t\t\t\t\tdata-rsp_ch=\"on\"\n\t\t\t\t\t\t\t\tdata-xy=\"x:c;xo:6px,4px,3px,-9px;y:t,t,t,m;yo:139px,114px,86px,-41px;\"\n\t\t\t\t\t\t\t\tdata-text=\"w:normal;s:62,51,38,40;l:69,56,42,43;fw:300;a:center;\"\n\t\t\t\t\t\t\t\tdata-dim=\"w:1098px,906px,688px,490px;minh:0,none,none,none;\"\n\t\t\t\t\t\t\t\tdata-frame_0=\"sX:0.9;sY:0.9;\"\n\t\t\t\t\t\t\t\tdata-frame_1=\"e:power2.inOut;st:1740;sp:1000;sR:1740;\"\n\t\t\t\t\t\t\t\tdata-frame_999=\"o:0;st:w;sR:6260;\"\n\t\t\t\t\t\t\t\tstyle=\"z-index:10;font-family:'Montserrat';text-transform:uppercase;\"\n\t\t\t\t\t\t\t>THE HUMAN USER MANUAL<br \/>\n \n\t\t\t\t\t\t\t<\/rs-layer><!--\n\n\t\t\t\t\t\t\t--><a\n\t\t\t\t\t\t\t\tid=\"slider-12-slide-30-layer-18\" \n\t\t\t\t\t\t\t\tclass=\"rs-layer rev-btn\"\n\t\t\t\t\t\t\t\thref=\"https:\/\/buy.stripe.com\/dRmbIT7pLb4f3DHgdpaAw0c\" target=\"_self\"\n\t\t\t\t\t\t\t\tdata-type=\"button\"\n\t\t\t\t\t\t\t\tdata-rsp_ch=\"on\"\n\t\t\t\t\t\t\t\tdata-xy=\"x:c;yo:325px,268px,203px,431px;\"\n\t\t\t\t\t\t\t\tdata-text=\"w:normal;s:17,14,10,13;l:20,16,12,15;ls:1,0,0,0;\"\n\t\t\t\t\t\t\t\tdata-dim=\"minh:0px,none,none,none;\"\n\t\t\t\t\t\t\t\tdata-padding=\"t:12,10,8,10;r:35,29,22,30;b:12,10,8,10;l:35,29,22,30;\"\n\t\t\t\t\t\t\t\tdata-border=\"bor:30px,30px,30px,30px;\"\n\t\t\t\t\t\t\t\tdata-frame_0=\"x:0,0,0,0px;y:0,0,0,0px;sX:0.9;sY:0.9;\"\n\t\t\t\t\t\t\t\tdata-frame_1=\"x:0,0,0,0px;y:0,0,0,0px;e:power2.inOut;st:2080;sp:1000;sR:2080;\"\n\t\t\t\t\t\t\t\tdata-frame_999=\"o:0;st:w;sR:5920;\"\n\t\t\t\t\t\t\t\tdata-frame_hover=\"c:#000;bgc:#fff;bor:30px,30px,30px,30px;sp:200;\"\n\t\t\t\t\t\t\t\tstyle=\"z-index:14;background-color:rgba(0,0,0,0.75);font-family:'Roboto';text-transform:uppercase;\"\n\t\t\t\t\t\t\t>KUP<i class=\"fa-chevron-right\"><\/i> \n\t\t\t\t\t\t\t<\/a><!--\n\n\t\t\t\t\t\t\t--><rs-layer\n\t\t\t\t\t\t\t\tid=\"slider-12-slide-30-layer-20\" \n\t\t\t\t\t\t\t\tdata-type=\"shape\"\n\t\t\t\t\t\t\t\tdata-rsp_ch=\"on\"\n\t\t\t\t\t\t\t\tdata-xy=\"x:c;y:m;\"\n\t\t\t\t\t\t\t\tdata-text=\"w:normal;s:20,16,12,7;l:0,20,15,9;\"\n\t\t\t\t\t\t\t\tdata-dim=\"w:3500px,2890px,2195px,1354px;h:3500px,2890px,2195px,1354px;\"\n\t\t\t\t\t\t\t\tdata-frame_999=\"o:0;st:w;sR:8700;\"\n\t\t\t\t\t\t\t\tstyle=\"z-index:3;background-color:rgba(12,12,12,0.19);\"\n\t\t\t\t\t\t\t> \n\t\t\t\t\t\t\t<\/rs-layer><!--\n\n\t\t\t\t\t\t\t--><rs-layer\n\t\t\t\t\t\t\t\tid=\"slider-12-slide-30-layer-21\" \n\t\t\t\t\t\t\t\tdata-type=\"text\"\n\t\t\t\t\t\t\t\tdata-rsp_ch=\"on\"\n\t\t\t\t\t\t\t\tdata-xy=\"x:c;xo:0,0,0,-3px;y:t,t,t,m;yo:385px,317px,240px,133px;\"\n\t\t\t\t\t\t\t\tdata-text=\"w:normal;s:17,14,10,13;l:19,15,11,15;fw:300;a:center;\"\n\t\t\t\t\t\t\t\tdata-dim=\"w:146px,120px,91px,81px;h:23px,18px,13px,auto;minh:0,none,none,none;\"\n\t\t\t\t\t\t\t\tdata-frame_0=\"sX:0.9;sY:0.9;\"\n\t\t\t\t\t\t\t\tdata-frame_1=\"e:power2.inOut;st:1740;sp:1000;sR:1740;\"\n\t\t\t\t\t\t\t\tdata-frame_999=\"o:0;st:w;sR:6260;\"\n\t\t\t\t\t\t\t\tstyle=\"z-index:11;font-family:'Montserrat';text-transform:uppercase;\"\n\t\t\t\t\t\t\t>Cena: 145,00 z\u0142<br \/>\n \n\t\t\t\t\t\t\t<\/rs-layer><!--\n-->\t\t\t\t\t\t<\/rs-slide>\n\t\t\t\t\t<\/rs-slides>\n\t\t\t\t\t<rs-static-layers><!--\n\n\t\t\t\t\t\t\t--><rs-layer\n\t\t\t\t\t\t\t\tid=\"slider-12-slide-12-layer-17\" \n\t\t\t\t\t\t\t\tclass=\"tp-shape tp-shapewrapper tp-bubblemorph rs-noevents rs-layer-static\"\n\t\t\t\t\t\t\t\tdata-type=\"shape\"\n\t\t\t\t\t\t\t\tdata-xy=\"x:c;y:m;\"\n\t\t\t\t\t\t\t\tdata-text=\"w:normal;\"\n\t\t\t\t\t\t\t\tdata-dim=\"w:130px;h:130px;\"\n\t\t\t\t\t\t\t\tdata-vbility=\"t,t,t,f\"\n\t\t\t\t\t\t\t\tdata-basealign=\"slide\"\n\t\t\t\t\t\t\t\tdata-rsp_o=\"off\"\n\t\t\t\t\t\t\t\tdata-rsp_bd=\"off\"\n\t\t\t\t\t\t\t\tdata-onslides=\"s:1;\"\n\t\t\t\t\t\t\t\tdata-ford=\"frame_0;frame_1;frame_2;frame_3;frame_999;\"\n\t\t\t\t\t\t\t\tdata-frame_0=\"sX:0.9;sY:0.9;\"\n\t\t\t\t\t\t\t\tdata-frame_1=\"o:0.25;st:700;sp:2000;sR:700;\"\n\t\t\t\t\t\t\t\tdata-frame_999=\"o:0;st:w;sR:4200;\"\n\t\t\t\t\t\t\t\tdata-frame_2=\"sX:1.5;sY:1.5;o:0.25;e:back.out;st:3000;sp:1000;sR:300;\"\n\t\t\t\t\t\t\t\tdata-frame_3=\"sX:1;sY:1;o:0.25;st:4300;sp:500;sR:300;\"\n\t\t\t\t\t\t\t\tdata-bubblemorph='{\"bg\":\"rgba(255,255,255,0)\",\"num\":\"8|6|6|6\",\"bufferx\":\"30px|0|0|0\",\"buffery\":\"30px|0|0|0\",\"speedx\":\"0.01|0.25|0.25|0.25\",\"speedy\":\"0.01|1|1|1\",\"bordercolor\":\"#ffffff|#000000|#000000|#000000\",\"bordersize\":\"1px|0|0|0\"}' \n\t\t\t\t\t\t\t\tstyle=\"z-index:8;background-color:rgba(255,255,255,0);\"\n\t\t\t\t\t\t\t> \n\t\t\t\t\t\t\t<\/rs-layer><!--\n\t\t\t\t\t--><\/rs-static-layers>\n\t\t\t\t<\/rs-module>\n\t\t\t\t<script>\n\t\t\t\t\tsetREVStartSize({c: 'rev_slider_12_1',rl:[1240,1024,778,480],el:[500,768,960,720],gw:[1240,1024,778,480],gh:[500,768,960,720],type:'standard',justify:'',layout:'fullscreen',offsetContainer:'#masthead',offset:'',mh:\"0\"});if (window.RS_MODULES!==undefined && window.RS_MODULES.modules!==undefined && window.RS_MODULES.modules[\"revslider121\"]!==undefined) {window.RS_MODULES.modules[\"revslider121\"].once = false;window.revapi12 = undefined;if (window.RS_MODULES.checkMinimal!==undefined) window.RS_MODULES.checkMinimal()}\n\t\t\t\t<\/script>\n\t\t\t<\/rs-module-wrap>\n\t\t\t<!-- END REVOLUTION SLIDER -->\n<\/div>\n\n\t\t\t\t\t\t<\/div>\n\t\t\t\t\t<\/div>\n\t\t\t\t<\/div>\n\t\t<div class=\"elementor-element elementor-element-398fdc4 e-flex e-con-boxed e-con e-parent\" data-id=\"398fdc4\" data-element_type=\"container\" data-settings=\"{&quot;background_background&quot;:&quot;classic&quot;}\">\n\t\t\t\t\t<div class=\"e-con-inner\">\n\t\t\t\t<div class=\"elementor-element elementor-element-42c515a elementor-invisible elementor-widget elementor-widget-text-editor\" data-id=\"42c515a\" data-element_type=\"widget\" data-settings=\"{&quot;_animation&quot;:&quot;fadeInUp&quot;}\" data-widget_type=\"text-editor.default\">\n\t\t\t\t\t\t\t\t\t<p>Ten e-book pokazuje, \u017ce \u015bwiadomo\u015b\u0107 dzia\u0142a jak system poziom\u00f3w, a ka\u017cdy poziom ma swoj\u0105 plansz\u0119 operacyjn\u0105.<\/p><p>Na ka\u017cdej planszy, czyli poziomie \u015bwiadomo\u015bci, inaczej funkcjonuje:<br \/>\u2013 cz\u0142owiek<br \/>\u2013 zwi\u0105zek<br \/>\u2013 pieni\u0105dze<\/p><p>To dlatego czasem:<br \/>\u2013 relacja dzia\u0142a, a potem przestaje<br \/>\u2013 pieni\u0105dze p\u0142yn\u0105, a potem si\u0119 blokuj\u0105<br \/>\u2013 decyzje raz s\u0105 jasne, a raz chaotyczne . Raz czujesz dusz\u0119 raz nie .<\/p>\t\t\t\t\t\t\t\t<\/div>\n\t\t\t\t<div class=\"elementor-element elementor-element-4695b7c elementor-invisible elementor-widget elementor-widget-text-editor\" data-id=\"4695b7c\" data-element_type=\"widget\" data-settings=\"{&quot;_animation&quot;:&quot;fadeInUp&quot;}\" data-widget_type=\"text-editor.default\">\n\t\t\t\t\t\t\t\t\t<p>Nie dlatego, \u017ce co\u015b jest \u201enie tak\u201d.<\/p><p>Tylko dlatego, \u017ce zmieni\u0142a si\u0119 plansza, a Ty pr\u00f3bujesz gra\u0107 wed\u0142ug starych zasad.<\/p><p>\u00a0<\/p><p>Jak dzia\u0142a plansza poziomu<\/p><p>\u00a0<\/p><p>Na ka\u017cdej planszy:<br \/>\u2013 inaczej my\u015blisz<br \/>\u2013 inaczej reagujesz<br \/>\u2013 inaczej rozumiesz relacje<br \/>\u2013 inaczej zarz\u0105dzasz energi\u0105 i pieni\u0119dzmi<\/p><p>\u00a0<\/p><p>Cz\u0142owiek zawsze pokazuje, na jakim poziomie aktualnie operuje:<br \/>\u2013 tym, o czym m\u00f3wi<br \/>\u2013 tym, co go porusza<br \/>\u2013 tym, co uznaje za problem<br \/>\u2013 tym, na co oddaje uwag\u0119<\/p><p>\u00a0<\/p><p>System ujawnia si\u0119 sam.<\/p>\t\t\t\t\t\t\t\t<\/div>\n\t\t\t\t<div class=\"elementor-element elementor-element-8063eef elementor-invisible elementor-widget elementor-widget-text-editor\" data-id=\"8063eef\" data-element_type=\"widget\" data-settings=\"{&quot;_animation&quot;:&quot;fadeInUp&quot;}\" data-widget_type=\"text-editor.default\">\n\t\t\t\t\t\t\t\t\t<p>Relacje i pieni\u0105dze jako informacja<\/p><p>\u00a0<\/p><p>Zwi\u0105zek i pieni\u0105dze nie s\u0105 oddzielnymi tematami.<\/p><p>S\u0105 wska\u017anikami poziomu \u015bwiadomo\u015bci.<\/p><p>\u00a0<\/p><p>Na jednym poziomie:<br \/>\u2013 zwi\u0105zek opiera si\u0119 na emocjach<br \/>\u2013 pieni\u0105dze s\u0105 walk\u0105 lub stresem<\/p><p>\u00a0<\/p><p>Na innym:<br \/>\u2013 relacja jest wsp\u00f3\u0142prac\u0105<br \/>\u2013 pieni\u0105dze s\u0105 przep\u0142ywem i decyzj\u0105<\/p><p>\u00a0<\/p><p>Nie da si\u0119, aby wszystko dzia\u0142a\u0142o tak samo na ka\u017cdej planszy.<\/p>\t\t\t\t\t\t\t\t<\/div>\n\t\t\t\t<div class=\"elementor-element elementor-element-9efec4d elementor-invisible elementor-widget elementor-widget-text-editor\" data-id=\"9efec4d\" data-element_type=\"widget\" data-settings=\"{&quot;_animation&quot;:&quot;fadeInUp&quot;}\" data-widget_type=\"text-editor.default\">\n\t\t\t\t\t\t\t\t\t<p>Co daje ten e-book?<\/p><p>\u00a0<\/p><p>Po przeczytaniu:<br \/>\u2013 zaczynasz widzie\u0107, dlaczego co\u015b dzia\u0142a\u0142o, a potem przesta\u0142o<br \/>\u2013 rozpoznajesz, na jakiej planszy jeste\u015b Ty<br \/>\u2013 widzisz, na jakiej planszy s\u0105 inni<br \/>\u2013 przestajesz miesza\u0107 poziomy<\/p><p>\u00a0<\/p><p>Ten e-book odblokowuje dost\u0119p do wszystkich plansz, poniewa\u017c pokazuje:<br \/>\u2013 ich logik\u0119<br \/>\u2013 ich mechanik\u0119<br \/>\u2013 ich r\u00f3\u017cnice<\/p><p>\u00a0<\/p><p>Nie przenosi Ci\u0119 si\u0142\u0105.<br \/>Daje Ci \u015bwiadomo\u015b\u0107 wyboru.<\/p>\t\t\t\t\t\t\t\t<\/div>\n\t\t\t\t<div class=\"elementor-element elementor-element-4c39cfb elementor-invisible elementor-widget elementor-widget-text-editor\" data-id=\"4c39cfb\" data-element_type=\"widget\" data-settings=\"{&quot;_animation&quot;:&quot;fadeInUp&quot;}\" data-widget_type=\"text-editor.default\">\n\t\t\t\t\t\t\t\t\t<p>Efekt<\/p><p>\u00a0<\/p><p>Nie pr\u00f3bujesz ju\u017c naprawia\u0107 relacji ani pieni\u0119dzy na niew\u0142a\u015bciwej planszy.<\/p><p><br \/>Zaczynasz operowa\u0107 \u015bwiadomie na tym poziomie, na kt\u00f3rym jeste\u015b \u2014 albo zmieniasz go celowo. I uruchamiasz przep\u0142yw<\/p><p>\u00a0<\/p><p>Nie zmieniasz \u015bwiata.<\/p><p><br \/>Zmieniasz spos\u00f3b poruszania si\u0119 po planszach.<\/p>\t\t\t\t\t\t\t\t<\/div>\n\t\t\t\t\t<\/div>\n\t\t\t\t<\/div>\n\t\t\t\t<\/div>\n\t\t","protected":false},"excerpt":{"rendered":"<p>Ten e-book pokazuje, \u017ce \u015bwiadomo\u015b\u0107 dzia\u0142a jak system poziom\u00f3w, a ka\u017cdy poziom ma swoj\u0105 plansz\u0119 operacyjn\u0105. Na ka\u017cdej planszy, czyli [&hellip;]<\/p>\n","protected":false},"author":1,"featured_media":0,"parent":0,"menu_order":0,"comment_status":"closed","ping_status":"closed","template":"elementor_header_footer","meta":{"site-sidebar-layout":"no-sidebar","site-content-layout":"","ast-site-content-layout":"full-width-container","site-content-style":"default","site-sidebar-style":"default","ast-global-header-display":"","ast-banner-title-visibility":"","ast-main-header-display":"","ast-hfb-above-header-display":"","ast-hfb-below-header-display":"","ast-hfb-mobile-header-display":"","site-post-title":"disabled","ast-breadcrumbs-content":"","ast-featured-img":"disabled","footer-sml-layout":"","ast-disable-related-posts":"","theme-transparent-header-meta":"","adv-header-id-meta":"","stick-header-meta":"","header-above-stick-meta":"","header-main-stick-meta":"","header-below-stick-meta":"","astra-migrate-meta-layouts":"default","ast-page-background-enabled":"default","ast-page-background-meta":{"desktop":{"background-color":"var(--ast-global-color-5)","background-image":"","background-repeat":"repeat","background-position":"center center","background-size":"auto","background-attachment":"scroll","background-type":"","background-media":"","overlay-type":"","overlay-color":"","overlay-opacity":"","overlay-gradient":""},"tablet":{"background-color":"","background-image":"","background-repeat":"repeat","background-position":"center center","background-size":"auto","background-attachment":"scroll","background-type":"","background-media":"","overlay-type":"","overlay-color":"","overlay-opacity":"","overlay-gradient":""},"mobile":{"background-color":"","background-image":"","background-repeat":"repeat","background-position":"center center","background-size":"auto","background-attachment":"scroll","background-type":"","background-media":"","overlay-type":"","overlay-color":"","overlay-opacity":"","overlay-gradient":""}},"ast-content-background-meta":{"desktop":{"background-color":"var(--ast-global-color-4)","background-image":"","background-repeat":"repeat","background-position":"center center","background-size":"auto","background-attachment":"scroll","background-type":"","background-media":"","overlay-type":"","overlay-color":"","overlay-opacity":"","overlay-gradient":""},"tablet":{"background-color":"var(--ast-global-color-4)","background-image":"","background-repeat":"repeat","background-position":"center center","background-size":"auto","background-attachment":"scroll","background-type":"","background-media":"","overlay-type":"","overlay-color":"","overlay-opacity":"","overlay-gradient":""},"mobile":{"background-color":"var(--ast-global-color-4)","background-image":"","background-repeat":"repeat","background-position":"center center","background-size":"auto","background-attachment":"scroll","background-type":"","background-media":"","overlay-type":"","overlay-color":"","overlay-opacity":"","overlay-gradient":""}},"footnotes":""},"class_list":["post-787","page","type-page","status-publish","hentry"],"yoast_head":"<!-- This site is optimized with the Yoast SEO plugin v26.8 - https:\/\/yoast.com\/product\/yoast-seo-wordpress\/ -->\n<title>The Human User Manual - Przyszlam po wszystko<\/title>\n<meta name=\"robots\" content=\"index, follow, max-snippet:-1, max-image-preview:large, max-video-preview:-1\" \/>\n<link rel=\"canonical\" href=\"https:\/\/przyszlam-po-wszystko.pl\/index.php\/the-human-user-manual\/\" \/>\n<meta property=\"og:locale\" content=\"en_US\" \/>\n<meta property=\"og:type\" content=\"article\" \/>\n<meta property=\"og:title\" content=\"The Human User Manual - Przyszlam po wszystko\" \/>\n<meta property=\"og:description\" content=\"Ten e-book pokazuje, \u017ce \u015bwiadomo\u015b\u0107 dzia\u0142a jak system poziom\u00f3w, a ka\u017cdy poziom ma swoj\u0105 plansz\u0119 operacyjn\u0105. Na ka\u017cdej planszy, czyli [&hellip;]\" \/>\n<meta property=\"og:url\" content=\"https:\/\/przyszlam-po-wszystko.pl\/index.php\/the-human-user-manual\/\" \/>\n<meta property=\"og:site_name\" content=\"Przyszlam po wszystko\" \/>\n<meta property=\"article:modified_time\" content=\"2026-01-20T21:25:40+00:00\" \/>\n<meta name=\"twitter:card\" content=\"summary_large_image\" \/>\n<meta name=\"twitter:label1\" content=\"Est. reading time\" \/>\n\t<meta name=\"twitter:data1\" content=\"2 minutes\" \/>\n<script type=\"application\/ld+json\" class=\"yoast-schema-graph\">{\"@context\":\"https:\/\/schema.org\",\"@graph\":[{\"@type\":\"WebPage\",\"@id\":\"https:\/\/przyszlam-po-wszystko.pl\/index.php\/the-human-user-manual\/\",\"url\":\"https:\/\/przyszlam-po-wszystko.pl\/index.php\/the-human-user-manual\/\",\"name\":\"The Human User Manual - Przyszlam po wszystko\",\"isPartOf\":{\"@id\":\"https:\/\/przyszlam-po-wszystko.pl\/#website\"},\"datePublished\":\"2025-12-23T14:41:16+00:00\",\"dateModified\":\"2026-01-20T21:25:40+00:00\",\"breadcrumb\":{\"@id\":\"https:\/\/przyszlam-po-wszystko.pl\/index.php\/the-human-user-manual\/#breadcrumb\"},\"inLanguage\":\"en-US\",\"potentialAction\":[{\"@type\":\"ReadAction\",\"target\":[\"https:\/\/przyszlam-po-wszystko.pl\/index.php\/the-human-user-manual\/\"]}]},{\"@type\":\"BreadcrumbList\",\"@id\":\"https:\/\/przyszlam-po-wszystko.pl\/index.php\/the-human-user-manual\/#breadcrumb\",\"itemListElement\":[{\"@type\":\"ListItem\",\"position\":1,\"name\":\"Home\",\"item\":\"https:\/\/przyszlam-po-wszystko.pl\/\"},{\"@type\":\"ListItem\",\"position\":2,\"name\":\"The Human User Manual\"}]},{\"@type\":\"WebSite\",\"@id\":\"https:\/\/przyszlam-po-wszystko.pl\/#website\",\"url\":\"https:\/\/przyszlam-po-wszystko.pl\/\",\"name\":\"Przyszlam po wszystko\",\"description\":\"\",\"potentialAction\":[{\"@type\":\"SearchAction\",\"target\":{\"@type\":\"EntryPoint\",\"urlTemplate\":\"https:\/\/przyszlam-po-wszystko.pl\/?s={search_term_string}\"},\"query-input\":{\"@type\":\"PropertyValueSpecification\",\"valueRequired\":true,\"valueName\":\"search_term_string\"}}],\"inLanguage\":\"en-US\"}]}<\/script>\n<!-- \/ Yoast SEO plugin. -->","yoast_head_json":{"title":"The Human User Manual - Przyszlam po wszystko","robots":{"index":"index","follow":"follow","max-snippet":"max-snippet:-1","max-image-preview":"max-image-preview:large","max-video-preview":"max-video-preview:-1"},"canonical":"https:\/\/przyszlam-po-wszystko.pl\/index.php\/the-human-user-manual\/","og_locale":"en_US","og_type":"article","og_title":"The Human User Manual - Przyszlam po wszystko","og_description":"Ten e-book pokazuje, \u017ce \u015bwiadomo\u015b\u0107 dzia\u0142a jak system poziom\u00f3w, a ka\u017cdy poziom ma swoj\u0105 plansz\u0119 operacyjn\u0105. Na ka\u017cdej planszy, czyli [&hellip;]","og_url":"https:\/\/przyszlam-po-wszystko.pl\/index.php\/the-human-user-manual\/","og_site_name":"Przyszlam po wszystko","article_modified_time":"2026-01-20T21:25:40+00:00","twitter_card":"summary_large_image","twitter_misc":{"Est. reading time":"2 minutes"},"schema":{"@context":"https:\/\/schema.org","@graph":[{"@type":"WebPage","@id":"https:\/\/przyszlam-po-wszystko.pl\/index.php\/the-human-user-manual\/","url":"https:\/\/przyszlam-po-wszystko.pl\/index.php\/the-human-user-manual\/","name":"The Human User Manual - Przyszlam po wszystko","isPartOf":{"@id":"https:\/\/przyszlam-po-wszystko.pl\/#website"},"datePublished":"2025-12-23T14:41:16+00:00","dateModified":"2026-01-20T21:25:40+00:00","breadcrumb":{"@id":"https:\/\/przyszlam-po-wszystko.pl\/index.php\/the-human-user-manual\/#breadcrumb"},"inLanguage":"en-US","potentialAction":[{"@type":"ReadAction","target":["https:\/\/przyszlam-po-wszystko.pl\/index.php\/the-human-user-manual\/"]}]},{"@type":"BreadcrumbList","@id":"https:\/\/przyszlam-po-wszystko.pl\/index.php\/the-human-user-manual\/#breadcrumb","itemListElement":[{"@type":"ListItem","position":1,"name":"Home","item":"https:\/\/przyszlam-po-wszystko.pl\/"},{"@type":"ListItem","position":2,"name":"The Human User Manual"}]},{"@type":"WebSite","@id":"https:\/\/przyszlam-po-wszystko.pl\/#website","url":"https:\/\/przyszlam-po-wszystko.pl\/","name":"Przyszlam po wszystko","description":"","potentialAction":[{"@type":"SearchAction","target":{"@type":"EntryPoint","urlTemplate":"https:\/\/przyszlam-po-wszystko.pl\/?s={search_term_string}"},"query-input":{"@type":"PropertyValueSpecification","valueRequired":true,"valueName":"search_term_string"}}],"inLanguage":"en-US"}]}},"_links":{"self":[{"href":"https:\/\/przyszlam-po-wszystko.pl\/index.php\/wp-json\/wp\/v2\/pages\/787","targetHints":{"allow":["GET"]}}],"collection":[{"href":"https:\/\/przyszlam-po-wszystko.pl\/index.php\/wp-json\/wp\/v2\/pages"}],"about":[{"href":"https:\/\/przyszlam-po-wszystko.pl\/index.php\/wp-json\/wp\/v2\/types\/page"}],"author":[{"embeddable":true,"href":"https:\/\/przyszlam-po-wszystko.pl\/index.php\/wp-json\/wp\/v2\/users\/1"}],"replies":[{"embeddable":true,"href":"https:\/\/przyszlam-po-wszystko.pl\/index.php\/wp-json\/wp\/v2\/comments?post=787"}],"version-history":[{"count":23,"href":"https:\/\/przyszlam-po-wszystko.pl\/index.php\/wp-json\/wp\/v2\/pages\/787\/revisions"}],"predecessor-version":[{"id":940,"href":"https:\/\/przyszlam-po-wszystko.pl\/index.php\/wp-json\/wp\/v2\/pages\/787\/revisions\/940"}],"wp:attachment":[{"href":"https:\/\/przyszlam-po-wszystko.pl\/index.php\/wp-json\/wp\/v2\/media?parent=787"}],"curies":[{"name":"wp","href":"https:\/\/api.w.org\/{rel}","templated":true}]}}